{"id":2024,"date":"2023-05-29T11:17:14","date_gmt":"2023-05-29T11:17:14","guid":{"rendered":"http:\/\/dev.swissinox.ch\/impronta\/"},"modified":"2026-04-16T05:53:40","modified_gmt":"2026-04-16T05:53:40","slug":"impronta","status":"publish","type":"page","link":"https:\/\/swissinox.ch\/it\/impronta\/","title":{"rendered":"Impronta"},"content":{"rendered":"<p>[et_pb_section fb_built=&#8221;1&#8243; admin_label=&#8221;section&#8221; _builder_version=&#8221;4.16&#8243; global_colors_info=&#8221;{}&#8221;][et_pb_row admin_label=&#8221;fila&#8221; _builder_version=&#8221;4.16&#8243; background_size=&#8221;initial&#8221; background_position=&#8221;top_left&#8221; background_repeat=&#8221;repeat&#8221; global_colors_info=&#8221;{}&#8221;][et_pb_column type=&#8221;4_4&#8243; _builder_version=&#8221;4.16&#8243; custom_padding=&#8221;|||&#8221; global_colors_info=&#8221;{}&#8221; custom_padding__hover=&#8221;|||&#8221;][et_pb_text admin_label=&#8221;Text&#8221; _builder_version=&#8221;4.27.6&#8243; background_size=&#8221;initial&#8221; background_position=&#8221;top_left&#8221; background_repeat=&#8221;repeat&#8221; global_colors_info=&#8221;{}&#8221;]<\/p>\n<h2 class=\"wp-block-heading\"><strong>Contatto<\/strong><\/h2>\n<\/p>\n<p>SWISS INOX<br \/>P.O. Box<br \/>CH-8810 Horgen<\/p>\n<p><a href=\"mailto:info@swissinox.ch\">info@swissinox.ch<\/a><\/p>\n<\/p>\n<p>&nbsp;<\/p>\n<h2><strong>Rappresentante autorizzato<\/strong><\/h2>\n<p>Dr. Ren\u00e9 M\u00e4chler, Presidente<\/p>\n<p>&nbsp;<\/p>\n<\/p>\n<h2 class=\"wp-block-heading\"><strong>Iscrizione al registro delle imprese<\/strong><\/h2>\n<p>&#8211;<\/p>\n<p>&nbsp;<\/p>\n<h2><strong>Numero di imposta sul valore aggiunto\/numero di identificazione della societ\u00e0 (UID)<\/strong><\/h2>\n<p>&#8211;<\/p>\n<p>&nbsp;<\/p>\n<h2><strong>Copyright<\/strong><\/h2>\n<p>I contenuti di questo sito web, inclusi testi, immagini e grafici, sono protetti da copyright e appartengono a SWISS INOX.<\/p>\n<p>&nbsp;<\/p>\n<h2><strong>Dichiarazione di non responsabilit\u00e0<\/strong><\/h2>\n<p>Le informazioni contenute in questo sito web hanno uno scopo puramente informativo. SWISS INOX non si assume alcuna responsabilit\u00e0 per l&#8217;accuratezza, la completezza o la tempestivit\u00e0 delle informazioni fornite. Qualsiasi azione intrapresa sulla base delle informazioni contenute in questo sito web \u00e8 a tuo rischio e pericolo.  <\/p>\n<p>&nbsp;<\/p>\n<h2><strong>Siti web di terzi<\/strong><\/h2>\n<p>Questo sito web pu\u00f2 contenere link a siti web di terzi. SWISS INOX non si assume alcuna responsabilit\u00e0 per il contenuto o le pratiche sulla privacy dei siti web di terzi. La presenza di un link a un sito web di terzi non significa necessariamente che SWISS INOX approvi il contenuto di tale sito web.  <\/p>\n<h2> <\/h2>\n<h2><strong>Tracciamento di Google Analytics<\/strong><\/h2>\n<p>Questo sito web utilizza Google Analytics, un servizio di analisi web fornito da Google Inc (&#8220;Google&#8221;). Google Analytics utilizza dei &#8220;cookie&#8221; per analizzare l&#8217;utilizzo del sito web. Le informazioni generate dal cookie sull&#8217;utilizzo del sito web da parte dell&#8217;utente vengono solitamente trasferite a un server di Google negli Stati Uniti e l\u00ec memorizzate. SWISS INOX ha configurato Google Analytics in modo tale che gli indirizzi IP dei visitatori siano resi anonimi. Google utilizzer\u00e0 queste informazioni per conto di SWISS INOX allo scopo di valutare l&#8217;utilizzo del sito web da parte degli utenti, compilare report sulle attivit\u00e0 del sito web e fornire altri servizi relativi alle attivit\u00e0 del sito web e all&#8217;utilizzo di internet.     <\/p>\n<\/p>\n<\/p>\n<p>[\/et_pb_text][\/et_pb_column][\/et_pb_row][\/et_pb_section]<\/p>\n","protected":false},"excerpt":{"rendered":"<p>Contatto SWISS INOXP.O. BoxCH-8810 Horgen info@swissinox.ch &nbsp; Rappresentante autorizzato Dr. Ren\u00e9 M\u00e4chler, Presidente &nbsp; Iscrizione al registro delle imprese &#8211; &nbsp; Numero di imposta sul valore aggiunto\/numero di identificazione della societ\u00e0 (UID) &#8211; &nbsp; Copyright I contenuti di questo sito web, inclusi testi, immagini e grafici, sono protetti da copyright e appartengono a SWISS INOX. [&hellip;]<\/p>\n","protected":false},"author":1,"featured_media":1127,"parent":0,"menu_order":0,"comment_status":"closed","ping_status":"closed","template":"","meta":{"_acf_changed":false,"_et_pb_use_builder":"on","_et_pb_old_content":"","_et_gb_content_width":"","footnotes":""},"class_list":["post-2024","page","type-page","status-publish","has-post-thumbnail","hentry"],"acf":[],"_links":{"self":[{"href":"https:\/\/swissinox.ch\/it\/wp-json\/wp\/v2\/pages\/2024","targetHints":{"allow":["GET"]}}],"collection":[{"href":"https:\/\/swissinox.ch\/it\/wp-json\/wp\/v2\/pages"}],"about":[{"href":"https:\/\/swissinox.ch\/it\/wp-json\/wp\/v2\/types\/page"}],"author":[{"embeddable":true,"href":"https:\/\/swissinox.ch\/it\/wp-json\/wp\/v2\/users\/1"}],"replies":[{"embeddable":true,"href":"https:\/\/swissinox.ch\/it\/wp-json\/wp\/v2\/comments?post=2024"}],"version-history":[{"count":18,"href":"https:\/\/swissinox.ch\/it\/wp-json\/wp\/v2\/pages\/2024\/revisions"}],"predecessor-version":[{"id":6036,"href":"https:\/\/swissinox.ch\/it\/wp-json\/wp\/v2\/pages\/2024\/revisions\/6036"}],"wp:featuredmedia":[{"embeddable":true,"href":"https:\/\/swissinox.ch\/it\/wp-json\/wp\/v2\/media\/1127"}],"wp:attachment":[{"href":"https:\/\/swissinox.ch\/it\/wp-json\/wp\/v2\/media?parent=2024"}],"curies":[{"name":"wp","href":"https:\/\/api.w.org\/{rel}","templated":true}]}}