{"id":2006,"date":"2023-05-04T10:28:08","date_gmt":"2023-05-04T10:28:08","guid":{"rendered":"http:\/\/dev.swissinox.ch\/protezione-dei-dati\/"},"modified":"2024-02-13T08:42:17","modified_gmt":"2024-02-13T08:42:17","slug":"protezione-dei-dati","status":"publish","type":"page","link":"https:\/\/swissinox.ch\/it\/protezione-dei-dati\/","title":{"rendered":"Protezione dei dati"},"content":{"rendered":"&#13;\n<h2 class=\"wp-block-heading\">Informativa sulla privacy<\/h2>&#13;\n&#13;\n<p>La fiducia \u00e8 importante, soprattutto quando si tratta dei vostri dati. Per questo motivo, riteniamo nostro dovere raccogliere solo i dati assolutamente necessari e gestirli con la dovuta attenzione, proteggendoli da usi impropri.<\/p>&#13;\n<p>SWISS INOX si attiene rigorosamente alle norme sulla protezione dei dati nella raccolta e nell&#8217;elaborazione dei vostri dati.<\/p>&#13;\n<p>\u00a0<\/p>&#13;\n<p>Di seguito troverete informazioni sul trattamento dei vostri dati e sui diritti che vi spettano:<\/p>&#13;\n&#13;\n<h3 class=\"wp-block-heading\">Nome e dati di contatto della persona responsabile<\/h3>&#13;\n&#13;\n<p>SWISS INOX<br\/>Casella postale<br\/>CH-8810 Horgen<\/p>&#13;\n<p><br\/>Tel: +41 44 725 14 91<br\/>info@swissinox.ch<\/p>&#13;\n<p>Rappresentante: Dr. Ren\u00e9 M\u00e4chler, Presidente<\/p>&#13;\n<p>\u00a0<\/p>&#13;\n<p>\u00a0<\/p>&#13;\n&#13;\n<h2 class=\"wp-block-heading\">A. Trattamento dei dati sul nostro sito web<\/h2>&#13;\n<p>\u00a0<\/p>&#13;\n<h4><strong>Categorie di dati personali raccolti<\/strong><\/h4>&#13;\n&#13;\n<p>Ogni volta che si accede al nostro sito web, il nostro sistema raccoglie automaticamente dati e informazioni dal sistema informatico del computer che accede. Vengono raccolti i seguenti dati:<\/p>&#13;\n<ul>&#13;\n<li>Vollst\u00e4ndige IP-Adresse des anfordernden Rechners;<\/li>&#13;\n<li>Datum und Uhrzeit des Zugriffs;<\/li>&#13;\n<li>Internetseiten, von denen das System des Nutzers auf unsere Internetseite gelangt;<\/li>&#13;\n<li>Name der angeforderten Datei;<\/li>&#13;\n<li>Zugriffsstatus (Datei \u00fcbertragen, Datei nicht gefunden etc.);<\/li>&#13;\n<li>Verwendeter Webbrowser und verwendetes Betriebssystem;<\/li>&#13;\n<li>\u00dcbertragene Datenmenge<\/li>&#13;\n<\/ul>&#13;\n<p>Le informazioni relative ai dati inseriti nei moduli online e trasmessi a SWISS INOX sono riportate nel capitolo &#8220;B. Trattamento generale dei dati da parte di SWISS INOX&#8221;.<\/p>&#13;\n<h4>\u00a0<\/h4>&#13;\n<h4><strong>Verarbeitungszwecke<\/strong><\/h4>&#13;\n&#13;\n<p>Die Verarbeitung der personenbezogenen Daten auf unserer Webseite beschr\u00e4nkt sich auf jene Daten, die zur Bereitstellung einer funktionsf\u00e4higen Internetseite sowie nutzerfreundlicher Inhalte und Leistungen erforderlich sind. <br\/>Insbesondere erheben wir daher auf unserer Webseite personenbezogene Daten,<\/p>&#13;\n<ul>&#13;\n<li>f\u00fcr interne Verwaltungszwecke (z.B. Gew\u00e4hrleistung von Stabilit\u00e4t und Betriebssicherheit des Systems)<\/li>&#13;\n<\/ul>&#13;\n<p>Zu den Verarbeitungszwecken der via Online-Formulare an die SWISS INOX \u00fcbermittelten Daten, lesen Sie bitte die Bestimmungen im Kapitel \u201eB. Allgemeine Datenverarbeitung der SWISS INOX\u201c.<\/p>&#13;\n<h4 class=\"wp-block-heading\">\u00a0<\/h4>&#13;\n<h4><strong>Base giuridica<\/strong><\/h4>&#13;\n<p>Die Verarbeitung personenbezogener Daten in Zusammenhang mit unserem Internetauftritt erfolgt gem\u00e4ss Art. 6 Abs. 1 DSGVO auf Grundlage:<\/p>&#13;\n<ul>&#13;\n<li>Ihrer Einwilligung, wenn Sie uns Ihre Daten freiwillig zur Verf\u00fcgung stellen (Bst. a);<\/li>&#13;\n<li>unserem berechtigten Interesse, z.B. bei der Gew\u00e4hrleistung von Stabilit\u00e4t und Betriebssicherheit des Systems (Bst. f).<\/li>&#13;\n<\/ul>&#13;\n<p><br\/>Zu den Verarbeitungszwecken der via Online-Formulare an die SWISS INOX \u00fcbermittelten Daten, lesen Sie bitte die Bestimmungen im Kapitel \u201eB. Allgemeine Datenverarbeitung der SWISS INOX\u201c.<\/p>&#13;\n<h4>\u00a0<\/h4>&#13;\n<h4><strong>Durata della conservazione<\/strong><\/h4>&#13;\n<p>Die bei jedem Aufruf unserer Internetseite sowie der \u00dcbertragung von Dateien erhobenen personenbezogenen Daten speichern wir \u00fcber einen Zeitraum von maximal einem Jahr. Die Speicherung erfolgt aus Gr\u00fcnden der Datensicherheit \u2013 insbesondere zur Abwehr von Angriffsversuchen auf unseren Webserver \u2013 als auch um die Stabilit\u00e4t und die Betriebssicherheit unseres Systems zu gew\u00e4hrleisten.<\/p>&#13;\n<p>Zu den Verarbeitungszwecken der via Online-Formulare an die SWISS INOX \u00fcbermittelten Daten, lesen Sie bitte die Bestimmungen im Kapitel \u201eB. Allgemeine Datenverarbeitung der SWISS INOX\u201c.<\/p>&#13;\n<h4>\u00a0<\/h4>&#13;\n<h4><strong>Analisi web<\/strong><\/h4>&#13;\n<p>Wir analysieren die Nutzung unserer Website mit dem Webanalyse-Tool (https:\/\/support.google.com\/analytics\/answer\/6004245?hl=de). Dies dient ausschliesslich zur Optimierung der Website in Bezug auf Benutzerfreundlichkeit und Bereitstellung von n\u00fctzlichen Informationen \u00fcber unsere Leistungen. Eine Zusammenf\u00fchrung dieser Daten mit anderen personenbezogenen Datenquellen oder eine Weitergabe an Dritte erfolgt nicht. Es findet keine personenbezogene Auswertung statt. Die Analysen basieren auf anonymisierten Datens\u00e4tzen. Das Webanalyse-Tool verwendet nebst den genannten Daten auch sogenannte \u201eCookies\u201c.<\/p>&#13;\n<h4>\u00a0<\/h4>&#13;\n<h4><strong>Biscotti<\/strong><\/h4>&#13;\n<p>Wir verwenden auf unserer Webseite Cookies, um damit unser Angebot nutzerfreundlich zu gestalten. Cookies sind kleine Dateien, die Ihr Browser automatisch erstellt und die auf Ihrem Endger\u00e4t (Laptop, Tablet, Smartphone etc.) gespeichert werden, wenn Sie unsere Seite be-suchen. Die Cookies bleiben so lange gespeichert, bis Sie diese l\u00f6schen. Dadurch k\u00f6nnen wir Ihren Browser beim n\u00e4chsten Besuch wieder erkennen. Sollten Sie dies nicht w\u00fcnschen, k\u00f6nnen Sie Ihren Browser so einrichten, dass er Sie \u00fcber das Setzen von Cookies informiert und Sie diese im Einzelfall erlauben. Wir weisen Sie aller-dings darauf hin, dass eine Deaktivierung dazu f\u00fchrt, dass Sie nicht alle Funktionen unserer Webseite nutzen k\u00f6nnen.<br\/><br\/><\/p>&#13;\n<h4><strong>Moduli online (ad es. modulo di contatto)<\/strong><\/h4>&#13;\n<p>Auf unserer Internetseite stehen folgende Online-Formulare zur Verf\u00fcgung:<\/p>&#13;\n<ul>&#13;\n<li>Kontaktformular;<\/li>&#13;\n<li>Seminar-Anmeldung;<\/li>&#13;\n<li>Mitgliedschaft beantragen;<\/li>&#13;\n<li>Bewerbung PRIX INOX<\/li>&#13;\n<\/ul>&#13;\n<p>Die uns via Online-Formular \u00fcbermittelten Daten werden ausschliesslich zur Bearbeitung des darin enthaltenen Anliegens verarbeitet. Diese Daten dienen damit einzig und allein dem Zweck, der aus dem Online-Formular hervorgeht; sie werden weder anderweitig ausgewertet noch mit anderen Daten verkn\u00fcpft.<br\/>Die in Online-Formularen eingegebenen Daten werden verschl\u00fcsselt (HTTPS) \u00fcbertragen.<\/p>&#13;\n<h4>\u00a0<\/h4>&#13;\n<h4><strong>Download di file<\/strong><\/h4>&#13;\n<p>Wir verlangen von Ihnen keine pers\u00f6nlichen Angaben, damit Sie Dateien von unserer Website herunterladen k\u00f6nnen.<\/p>&#13;\n<h4>\u00a0<\/h4>&#13;\n<h4><strong>Google Web Fonts<\/strong><\/h4>&#13;\n<p>Diese Seite nutzt zur einheitlichen Darstellung von Schriftarten so genannte Web-Fonts, die von Google bereitgestellt werden. Die Google Fonts sind lokal installiert. Eine Verbindung zu Servern von Google findet dabei nicht statt.<\/p>&#13;\n<h4>\u00a0<\/h4>&#13;\n<h4><strong>Plugin sociali<\/strong><\/h4>&#13;\n<p>Alle eingebundenen Social-Plugins funktionieren \u00fcber das 2-Klick-Verfahren; das heisst, dass das Aufzeichnen Ihres Surfverhaltens durch ein Plugin erst dann startet, wenn Sie das entsprechende Plugin durch Anklicken \u00fcberhaupt erst aktivieren. Falls Sie gleichzeitig mit dem Besuch unserer Internetseite bspw. auch mit Ihrem Konto einer Social-Media-Plattform an-gemeldet sind, kann der Seitenbesuch nach der Aktivierung des Plugins (erster Klick) Ihrem Benutzerkonto zugeordnet werden. [2-Klick-Verfahren implementieren!]<\/p>&#13;\n<p>\u00a0<\/p>&#13;\n<h2>B. Trattamento generale dei dati SWISS INOX<\/h2>&#13;\n<h4>\u00a0<\/h4>&#13;\n<h4><strong>Categorie di dati personali raccolti<\/strong><\/h4>&#13;\n<ul>&#13;\n<li>Es werden keine personenbezogenen Daten automatisch erhoben.<\/li>&#13;\n<li>Ausnahmen sind die anonymisierten Daten der Webanalyse und des Kontaktformulars, Punkt A.<\/li>&#13;\n<\/ul>&#13;\n<h4>\u00a0<\/h4>&#13;\n<h4><strong>Finalit\u00e0 del trattamento<\/strong><\/h4>&#13;\n<p>Die Erhebung dieser Daten erfolgt soweit erforderlich,<\/p>&#13;\n<ul>&#13;\n<li>zur Korrespondenz mit Ihnen;<\/li>&#13;\n<li>zur Rechnungsstellung;<\/li>&#13;\n<\/ul>&#13;\n<h4>\u00a0<\/h4>&#13;\n<h4><strong>Base giuridica<\/strong><\/h4>&#13;\n<p>Ihre Daten werden auf Grundlage von Art. 6 Abs. 1 Bst. a, b DSGVO verarbeitet.<\/p>&#13;\n<h4>\u00a0<\/h4>&#13;\n<h4><strong>Spiegazioni:<\/strong><\/h4>&#13;\n<ul>&#13;\n<li>Art. 6 Abs. 1 Bst. a DSGVO: Datenverarbeitung beruht auf einer Einwilligung<\/li>&#13;\n<li>Art. 6 Abs. 1 Bst. b DSGVO: Datenverarbeitung beruht auf einem Vertrag oder der Durchf\u00fchrung vorvertraglicher Massnahmen auf Anfrage der betroffenen Person<\/li>&#13;\n<\/ul>&#13;\n<h4>\u00a0<\/h4>&#13;\n<h4><strong>Destinatari o categorie di destinatari dei dati personali<\/strong><\/h4>&#13;\n<p>[Diese Angabe ist nur zu machen, wenn auch Personen\/Organisationseinheiten ausserhalb der datenverarbeitenden Stelle die personenbezogenen Daten erhalten sollen. Als Empf\u00e4nger gelten Dritte und Auftragsverarbeiter.]<br\/>Ihre personenbezogenen Daten werden \u00fcbermittelt an:<\/p>&#13;\n<ul>&#13;\n<li>Vorstandsmitglieder (bei Anfragen zur Verwendung von Edelstahl, Beratungen zu Werkstoffen)<\/li>&#13;\n<li>Kursorte bei Anmeldungen f\u00fcr Seminare<\/li>&#13;\n<\/ul>&#13;\n<h4>\u00a0<\/h4>&#13;\n<h4><strong>Durata della conservazione dei dati personali<\/strong><\/h4>&#13;\n<p>Ihre Daten werden nach der Erhebung bei der SWISS INOX so lange gespeichert, wie dies<\/p>&#13;\n<ul>&#13;\n<li>unter Beachtung der gesetzlichen Aufbewahrungsfristen gem\u00e4ss erforderlich ist;<\/li>&#13;\n<li>zur Erf\u00fcllung der oben genannten Zwecke der SWISS INOX erforderlich ist;<\/li>&#13;\n<li>aufgrund berechtigter Interessen erforderlich ist z.B. Archiv, Dokumentation, Haftungsfragen, etc.<\/li>&#13;\n<\/ul>&#13;\n<p>\u00a0<\/p>&#13;\n<h2>C. Sicurezza dei dati<\/h2>&#13;\n<p>\u00a0<\/p>&#13;\n<h4><strong>Sito web<\/strong><\/h4>&#13;\n<p>Wir verwenden innerhalb des Webseite-Besuchs das verbreitete SSL-Verfahren in Verbindung mit der jeweils h\u00f6chsten Verschl\u00fcsselungsstufe, die von Ihrem Browser unterst\u00fctzt wird. Ob eine einzelne Seite unseres Internetauftrittes verschl\u00fcsselt \u00fcbertragen wird, erkennen Sie an der geschlossenen Darstellung des Schl\u00fcssel- beziehungsweise Schloss-Symbols in der Adressleiste Ihres Browsers.<\/p>&#13;\n<p>\u00a0<\/p>&#13;\n<h4><strong>Trattamento generale dei dati<\/strong><\/h4>&#13;\n<p>Dar\u00fcber hinaus wenden wir bei der Datenverarbeitung generell geeignete technische und organisatorische Sicherheitsmassnahmen an, um Ihre Daten gegen zuf\u00e4llige oder vors\u00e4tzliche Manipulationen, teilweisen oder vollst\u00e4ndigen Verlust, Zerst\u00f6rung oder gegen den unbefugten Zugriff Dritter zu sch\u00fctzen. Unsere Sicherheitsmassnahmen entsprechen dem aktuellen Stand der Technik.<\/p>&#13;\n<h2>\u00a0<\/h2>&#13;\n<h2>D. I vostri diritti<\/h2>&#13;\n<h4>\u00a0<\/h4>&#13;\n<h4><strong>Diritti degli interessati<\/strong><\/h4>&#13;\n<p>Nach der EU-Datenschutz-Grundverordnung stehen Ihnen folgende Rechte zu:<\/p>&#13;\n<ul>&#13;\n<li>(i) Auskunft zu erhalten \u00fcber die verarbeiteten personenbezogenen Daten bzw. deren Kategorien, die Verarbeitungszwecke, die Kategorien von Empf\u00e4ngern, gegen\u00fcber denen Ihre Daten offengelegt wurden oder werden, die Absicht, Daten an ein Drittland oder eine internationale Organisation zu \u00fcbermitteln einschliesslich daf\u00fcr geeigneter Garantien, die geplante Speicherdauer, das Bestehen eines Rechts auf Berichtigung, L\u00f6schung, Einschr\u00e4nkung der Verarbeitung oder Widerspruch, das Bestehen eines Beschwerderechts, die Herkunft Ihrer Daten, sofern diese nicht bei uns erhoben wurden, sowie \u00fcber das Bestehen einer automatisierten Entscheidungsfindung einschliesslich Profiling und ggf. aussagekr\u00e4ftigen Informationen zu deren Einzelheiten;<\/li>&#13;\n<li>(ii) die Berichtigung, Erg\u00e4nzung, oder das L\u00f6schen Ihrer personenbezogenen Daten, die falsch sind oder nicht rechtskonform verarbeitet werden, zu verlangen;<\/li>&#13;\n<li>(iii) von uns zu verlangen, die Verarbeitung Ihrer personenbezogenen Daten einzuschr\u00e4nken;<\/li>&#13;\n<li>(iv) unter bestimmten Umst\u00e4nden der Verarbeitung Ihrer personenbezogenen Daten zu widersprechen oder die f\u00fcr das Verarbeiten zuvor gegebene Einwilligung zu widerrufen;<\/li>&#13;\n<li>(v) Ihre personenbezogenen Daten, die Sie uns bereitgestellt haben, in einem strukturierten, g\u00e4ngigen und maschinenlesbaren Format zu erhalten oder die \u00dcbermittlung an einen anderen Verantwortlichen zu verlangen;<\/li>&#13;\n<li>(vi) bei der zust\u00e4ndigen Datenschutzaufsichtsbeh\u00f6rde Beschwerde zu erheben.<\/li>&#13;\n<\/ul>&#13;\n<p><strong>M\u00f6chten Sie von Ihren Rechten Gebrauch machen, teilen Sie uns dies bitte per E-Mail an info@swissinox.ch mit oder kontaktieren Sie uns unter der angegebenen Adresse.<\/strong><\/p>&#13;\n<p>\u00a0<\/p>&#13;\n<p>\u00a0<\/p>&#13;\n","protected":false},"excerpt":{"rendered":"<p>&#13; Informativa sulla privacy &#13; &#13; La fiducia \u00e8 importante, soprattutto quando si tratta dei vostri dati. Per questo motivo, riteniamo nostro dovere raccogliere solo i dati assolutamente necessari e gestirli con la dovuta attenzione, proteggendoli da usi impropri. &#13; SWISS INOX si attiene rigorosamente alle norme sulla protezione dei dati nella raccolta e nell&#8217;elaborazione [&hellip;]<\/p>\n","protected":false},"author":1,"featured_media":1127,"parent":0,"menu_order":0,"comment_status":"closed","ping_status":"closed","template":"","meta":{"_acf_changed":false,"_et_pb_use_builder":"","_et_pb_old_content":"","_et_gb_content_width":"","footnotes":""},"class_list":["post-2006","page","type-page","status-publish","has-post-thumbnail","hentry"],"acf":[],"_links":{"self":[{"href":"https:\/\/swissinox.ch\/it\/wp-json\/wp\/v2\/pages\/2006","targetHints":{"allow":["GET"]}}],"collection":[{"href":"https:\/\/swissinox.ch\/it\/wp-json\/wp\/v2\/pages"}],"about":[{"href":"https:\/\/swissinox.ch\/it\/wp-json\/wp\/v2\/types\/page"}],"author":[{"embeddable":true,"href":"https:\/\/swissinox.ch\/it\/wp-json\/wp\/v2\/users\/1"}],"replies":[{"embeddable":true,"href":"https:\/\/swissinox.ch\/it\/wp-json\/wp\/v2\/comments?post=2006"}],"version-history":[{"count":24,"href":"https:\/\/swissinox.ch\/it\/wp-json\/wp\/v2\/pages\/2006\/revisions"}],"predecessor-version":[{"id":4160,"href":"https:\/\/swissinox.ch\/it\/wp-json\/wp\/v2\/pages\/2006\/revisions\/4160"}],"wp:featuredmedia":[{"embeddable":true,"href":"https:\/\/swissinox.ch\/it\/wp-json\/wp\/v2\/media\/1127"}],"wp:attachment":[{"href":"https:\/\/swissinox.ch\/it\/wp-json\/wp\/v2\/media?parent=2006"}],"curies":[{"name":"wp","href":"https:\/\/api.w.org\/{rel}","templated":true}]}}