{"id":2084,"date":"2023-07-14T12:23:39","date_gmt":"2023-07-14T12:23:39","guid":{"rendered":"http:\/\/dev.swissinox.ch\/contact\/"},"modified":"2023-09-27T07:59:13","modified_gmt":"2023-09-27T07:59:13","slug":"contact","status":"publish","type":"page","link":"https:\/\/swissinox.ch\/fr\/contact\/","title":{"rendered":"Contact"},"content":{"rendered":"<p>[et_pb_section fb_built=\u00a0\u00bb1&Prime; custom_padding_last_edited=\u00a0\u00bbon|phone\u00a0\u00bb admin_label=\u00a0\u00bbHero\u00a0\u00bb _builder_version=\u00a0\u00bb4.21.0&Prime; background_color=\u00a0\u00bbRGBA(255,255,255,0)\u00a0\u00bb use_background_color_gradient=\u00a0\u00bbon\u00a0\u00bb background_color_gradient_direction=\u00a0\u00bb149deg\u00a0\u00bb background_color_gradient_stops=\u00a0\u00bb#1c6bae 36%|rgba(255,255,255,0.14) 79%\u00a0\u00bb background_color_gradient_overlays_image=\u00a0\u00bbon\u00a0\u00bb background_color_gradient_start=\u00a0\u00bb#002e4f\u00a0\u00bb background_color_gradient_start_position=\u00a0\u00bb1%\u00a0\u00bb background_color_gradient_end=\u00a0\u00bbrgba(8,70,102,0.8)\u00a0\u00bb background_image=\u00a0\u00bbhttps:\/\/swissinox.ch\/wp-content\/uploads\/2023\/05\/swissinox-werkstoffe.jpg\u00a0\u00bb custom_padding=\u00a0\u00bb||100px||false|false\u00a0\u00bb custom_padding_tablet=\u00a0\u00bb||90px||false|false\u00a0\u00bb custom_padding_phone=\u00a0\u00bb||90px||false|false\u00a0\u00bb global_colors_info=\u00a0\u00bb{}\u00a0\u00bb][et_pb_row _builder_version=\u00a0\u00bb4.16&Prime; background_size=\u00a0\u00bbinitial\u00a0\u00bb background_position=\u00a0\u00bbtop_left\u00a0\u00bb background_repeat=\u00a0\u00bbrepeat\u00a0\u00bb custom_padding=\u00a0\u00bb27px|0px|27px|0px|false|false\u00a0\u00bb global_colors_info=\u00a0\u00bb{}\u00a0\u00bb][et_pb_column type=\u00a0\u00bb4_4&Prime; _builder_version=\u00a0\u00bb4.16&Prime; custom_padding=\u00a0\u00bb|||\u00a0\u00bb global_colors_info=\u00a0\u00bb{}\u00a0\u00bb custom_padding__hover=\u00a0\u00bb|||\u00a0\u00bb][et_pb_text _builder_version=\u00a0\u00bb4.21.0&Prime; _dynamic_attributes=\u00a0\u00bbcontent\u00a0\u00bb text_font=\u00a0\u00bb||||||||\u00a0\u00bb text_font_size=\u00a0\u00bb20px\u00a0\u00bb text_line_height=\u00a0\u00bb1.8em\u00a0\u00bb header_text_align=\u00a0\u00bbleft\u00a0\u00bb background_size=\u00a0\u00bbinitial\u00a0\u00bb background_position=\u00a0\u00bbtop_left\u00a0\u00bb background_repeat=\u00a0\u00bbrepeat\u00a0\u00bb background_layout=\u00a0\u00bbdark\u00a0\u00bb max_width=\u00a0\u00bb600px\u00a0\u00bb custom_margin=\u00a0\u00bb||10px||false|false\u00a0\u00bb custom_margin_tablet=\u00a0\u00bb|100px||\u00a0\u00bb custom_margin_phone=\u00a0\u00bb|30px||\u00a0\u00bb custom_margin_last_edited=\u00a0\u00bboff|desktop\u00a0\u00bb header_font_size_tablet=\u00a0\u00bb50px\u00a0\u00bb header_font_size_phone=\u00a0\u00bb40px\u00a0\u00bb header_font_size_last_edited=\u00a0\u00bbon|desktop\u00a0\u00bb header_line_height_tablet=\u00a0\u00bb\u00a0\u00bb header_line_height_phone=\u00a0\u00bb\u00a0\u00bb header_line_height_last_edited=\u00a0\u00bbon|desktop\u00a0\u00bb global_module=\u00a0\u00bb128&Prime; saved_tabs=\u00a0\u00bball\u00a0\u00bb global_colors_info=\u00a0\u00bb{}\u00a0\u00bb]<\/p>\n<h1>Contact<\/h1>\n<p>Nous nous r\u00e9jouissons de votre prise de contact<\/p>\n<p>[\/et_pb_text][\/et_pb_column][\/et_pb_row][\/et_pb_section][et_pb_section fb_built=\u00a0\u00bb1&Prime; _builder_version=\u00a0\u00bb4.21.0&Prime; _module_preset=\u00a0\u00bbdefault\u00a0\u00bb background_color=\u00a0\u00bbgcid-b95f3c54-6392-4aae-91d0-8380be78e327&Prime; global_colors_info=\u00a0\u00bb{%22gcid-b95f3c54-6392-4aae-91d0-8380be78e327%22:%91%22background_color%22%93}\u00a0\u00bb][et_pb_row column_structure=\u00a0\u00bb1_2,1_2&Prime; _builder_version=\u00a0\u00bb4.21.0&Prime; _module_preset=\u00a0\u00bbdefault\u00a0\u00bb global_colors_info=\u00a0\u00bb{}\u00a0\u00bb][et_pb_column type=\u00a0\u00bb1_2&Prime; _builder_version=\u00a0\u00bb4.21.0&Prime; _module_preset=\u00a0\u00bbdefault\u00a0\u00bb global_colors_info=\u00a0\u00bb{}\u00a0\u00bb][et_pb_text _builder_version=\u00a0\u00bb4.21.0&Prime; _module_preset=\u00a0\u00bbdefault\u00a0\u00bb global_colors_info=\u00a0\u00bb{}\u00a0\u00bb]<\/p>\n<p><strong>SWISS INOX<\/strong><br \/>Centre d&rsquo;information sur les aciers inoxydables<\/p>\n<p>Mme Christine Spring<br \/>Bo\u00eete postale<br \/>8810 Horgen 1<br \/>T\u00e9l\u00e9phone <a href=\"tel:004144%20725%2014%2091\">044 725 14 91<\/a><br \/>Courrier \u00e9lectronique <a href=\"mailto:info@swissinox.ch\">info@swissinox.ch<\/a><\/p>\n<p>Appelez-nous ou envoyez-nous ce formulaire de feedback.<br \/>Nous prendrons contact avec vous dans les plus brefs d\u00e9lais.<\/p>\n<p>[\/et_pb_text][\/et_pb_column][et_pb_column type=\u00a0\u00bb1_2&Prime; _builder_version=\u00a0\u00bb4.21.0&Prime; _module_preset=\u00a0\u00bbdefault\u00a0\u00bb global_colors_info=\u00a0\u00bb{}\u00a0\u00bb][et_pb_code _builder_version=\u00a0\u00bb4.21.0&Prime; _module_preset=\u00a0\u00bbdefault\u00a0\u00bb hover_enabled=\u00a0\u00bb0&Prime; global_colors_info=\u00a0\u00bb{}\u00a0\u00bb disabled_on=\u00a0\u00bbon|on|on\u00a0\u00bb disabled=\u00a0\u00bbon\u00a0\u00bb sticky_enabled=\u00a0\u00bb0&Prime;][forminator_form id=\u00a0\u00bb748&Prime;][\/et_pb_code][et_pb_code _builder_version=\u00a0\u00bb4.21.0&Prime; _module_preset=\u00a0\u00bbdefault\u00a0\u00bb hover_enabled=\u00a0\u00bb0&Prime; global_colors_info=\u00a0\u00bb{}\u00a0\u00bb sticky_enabled=\u00a0\u00bb0&Prime;]<div class=\"wpforms-container wpforms-container-full\" id=\"wpforms-3043\"><form id=\"wpforms-form-3043\" class=\"wpforms-validate wpforms-form wpforms-ajax-form\" data-formid=\"3043\" method=\"post\" enctype=\"multipart\/form-data\" action=\"\/fr\/wp-json\/wp\/v2\/pages\/2084\" data-token=\"359f88f74c129dc14fdf1cab8564ff62\"><noscript class=\"wpforms-error-noscript\">Veuillez activer JavaScript dans votre navigateur pour remplir ce formulaire.<\/noscript><div class=\"wpforms-field-container\"><div id=\"wpforms-3043-field_5-container\" class=\"wpforms-field wpforms-field-layout\" data-field-id=\"5\"><label class=\"wpforms-field-label wpforms-label-hide\" for=\"wpforms-3043-field_5\">Mise en page<\/label><div class=\"wpforms-field-layout-columns wpforms-field-layout-preset-50-50\"><div class=\"wpforms-layout-column wpforms-layout-column-50\"><div id=\"wpforms-3043-field_6-container\" class=\"wpforms-field wpforms-field-name\" data-field-id=\"6\"><label class=\"wpforms-field-label\" for=\"wpforms-3043-field_6\">Pr\u00e9nom <span class=\"wpforms-required-label\">*<\/span><\/label><input type=\"text\" id=\"wpforms-3043-field_6\" class=\"wpforms-field-medium wpforms-field-required\" name=\"wpforms[fields][6]\" placeholder=\"p. E. Hans\" required><\/div><\/div><div class=\"wpforms-layout-column wpforms-layout-column-50\"><div id=\"wpforms-3043-field_7-container\" class=\"wpforms-field wpforms-field-name\" data-field-id=\"7\"><label class=\"wpforms-field-label\" for=\"wpforms-3043-field_7\">Nom de famille <span class=\"wpforms-required-label\">*<\/span><\/label><input type=\"text\" id=\"wpforms-3043-field_7\" class=\"wpforms-field-medium wpforms-field-required\" name=\"wpforms[fields][7]\" placeholder=\"p. E. Mod\u00e8le\" required><\/div><\/div><\/div><\/div><div id=\"wpforms-3043-field_10-container\" class=\"wpforms-field wpforms-field-layout\" data-field-id=\"10\"><label class=\"wpforms-field-label wpforms-label-hide\" for=\"wpforms-3043-field_10\">Mise en page<\/label><div class=\"wpforms-field-layout-columns wpforms-field-layout-preset-50-50\"><div class=\"wpforms-layout-column wpforms-layout-column-50\"><div id=\"wpforms-3043-field_11-container\" class=\"wpforms-field wpforms-field-email\" data-field-id=\"11\"><label class=\"wpforms-field-label\" for=\"wpforms-3043-field_11\"> Email <span class=\"wpforms-required-label\">*<\/span><\/label><input type=\"email\" id=\"wpforms-3043-field_11\" class=\"wpforms-field-medium wpforms-field-required\" name=\"wpforms[fields][11]\" placeholder=\"p. E. hans.muster@gmail.com\" required><\/div><\/div><div class=\"wpforms-layout-column wpforms-layout-column-50\"><div id=\"wpforms-3043-field_16-container\" class=\"wpforms-field wpforms-field-text\" data-field-id=\"16\"><label class=\"wpforms-field-label\" for=\"wpforms-3043-field_16\">T\u00e9l\u00e9phone<\/label><input type=\"text\" id=\"wpforms-3043-field_16\" class=\"wpforms-field-medium\" name=\"wpforms[fields][16]\" placeholder=\"p. E. 044 XXX XX XX\" ><\/div><\/div><\/div><\/div><div id=\"wpforms-3043-field_15-container\" class=\"wpforms-field wpforms-field-textarea\" data-field-id=\"15\"><label class=\"wpforms-field-label\" for=\"wpforms-3043-field_15\">Nouvelles  <span class=\"wpforms-required-label\">*<\/span><\/label><textarea id=\"wpforms-3043-field_15\" class=\"wpforms-field-medium wpforms-field-required\" name=\"wpforms[fields][15]\" required><\/textarea><\/div><\/div><div class=\"wpforms-recaptcha-container wpforms-is-recaptcha\"><div class=\"g-recaptcha\" data-sitekey=\"6LeWLXUpAAAAADX7Bs-Bov4j4zaMG6eyv5Gy3iNo\"><\/div><input type=\"text\" name=\"g-recaptcha-hidden\" class=\"wpforms-recaptcha-hidden\" style=\"position:absolute!important;clip:rect(0,0,0,0)!important;height:1px!important;width:1px!important;border:0!important;overflow:hidden!important;padding:0!important;margin:0!important;\" required><\/div><div class=\"wpforms-submit-container\"><input type=\"hidden\" name=\"wpforms[id]\" value=\"3043\"><input type=\"hidden\" name=\"wpforms[author]\" value=\"1\"><button type=\"submit\" name=\"wpforms[submit]\" id=\"wpforms-submit-3043\" class=\"wpforms-submit\" data-alt-text=\"Envoyer...\" data-submit-text=\"ENVOYER\" aria-live=\"assertive\" value=\"wpforms-submit\">ENVOYER<\/button><img loading=\"lazy\" decoding=\"async\" src=\"https:\/\/swissinox.ch\/wp-content\/plugins\/wpforms\/assets\/images\/submit-spin.svg\" class=\"wpforms-submit-spinner\" style=\"display: none;\" width=\"26\" height=\"26\" alt=\"Chargement en cours\"><\/div><\/form><\/div>  <!-- .wpforms-container -->[\/et_pb_code][\/et_pb_column][\/et_pb_row][\/et_pb_section]<\/p>\n","protected":false},"excerpt":{"rendered":"<p>Contact Nous nous r\u00e9jouissons de votre prise de contactSWISS INOXCentre d&rsquo;information sur les aciers inoxydables Mme Christine SpringBo\u00eete postale8810 Horgen 1T\u00e9l\u00e9phone 044 725 14 91Courrier \u00e9lectronique info@swissinox.ch Appelez-nous ou envoyez-nous ce formulaire de feedback.Nous prendrons contact avec vous dans les plus brefs d\u00e9lais.[forminator_form id=\u00a0\u00bb748&Prime;]<div class=\"wpforms-container wpforms-container-full\" id=\"wpforms-3043\"><form id=\"wpforms-form-3043\" class=\"wpforms-validate wpforms-form wpforms-ajax-form\" data-formid=\"3043\" method=\"post\" enctype=\"multipart\/form-data\" action=\"\/fr\/wp-json\/wp\/v2\/pages\/2084\" data-token=\"359f88f74c129dc14fdf1cab8564ff62\"><noscript class=\"wpforms-error-noscript\">Veuillez activer JavaScript dans votre navigateur pour remplir ce formulaire.<\/noscript><div class=\"wpforms-field-container\"><div id=\"wpforms-3043-field_5-container\" class=\"wpforms-field wpforms-field-layout\" data-field-id=\"5\"><label class=\"wpforms-field-label wpforms-label-hide\" for=\"wpforms-3043-field_5\">Mise en page<\/label><div class=\"wpforms-field-layout-columns wpforms-field-layout-preset-50-50\"><div class=\"wpforms-layout-column wpforms-layout-column-50\"><div id=\"wpforms-3043-field_6-container\" class=\"wpforms-field wpforms-field-name\" data-field-id=\"6\"><label class=\"wpforms-field-label\" for=\"wpforms-3043-field_6\">Pr\u00e9nom <span class=\"wpforms-required-label\">*<\/span><\/label><input type=\"text\" id=\"wpforms-3043-field_6\" class=\"wpforms-field-medium wpforms-field-required\" name=\"wpforms[fields][6]\" placeholder=\"p. E. Hans\" required><\/div><\/div><div class=\"wpforms-layout-column wpforms-layout-column-50\"><div id=\"wpforms-3043-field_7-container\" class=\"wpforms-field wpforms-field-name\" data-field-id=\"7\"><label class=\"wpforms-field-label\" for=\"wpforms-3043-field_7\">Nom de famille <span class=\"wpforms-required-label\">*<\/span><\/label><input type=\"text\" id=\"wpforms-3043-field_7\" class=\"wpforms-field-medium wpforms-field-required\" name=\"wpforms[fields][7]\" placeholder=\"p. E. Mod\u00e8le\" required><\/div><\/div><\/div><\/div><div id=\"wpforms-3043-field_10-container\" class=\"wpforms-field wpforms-field-layout\" data-field-id=\"10\"><label class=\"wpforms-field-label wpforms-label-hide\" for=\"wpforms-3043-field_10\">Mise en page<\/label><div class=\"wpforms-field-layout-columns wpforms-field-layout-preset-50-50\"><div class=\"wpforms-layout-column wpforms-layout-column-50\"><div id=\"wpforms-3043-field_11-container\" class=\"wpforms-field wpforms-field-email\" data-field-id=\"11\"><label class=\"wpforms-field-label\" for=\"wpforms-3043-field_11\"> Email <span class=\"wpforms-required-label\">*<\/span><\/label><input type=\"email\" id=\"wpforms-3043-field_11\" class=\"wpforms-field-medium wpforms-field-required\" name=\"wpforms[fields][11]\" placeholder=\"p. E. hans.muster@gmail.com\" required><\/div><\/div><div class=\"wpforms-layout-column wpforms-layout-column-50\"><div id=\"wpforms-3043-field_16-container\" class=\"wpforms-field wpforms-field-text\" data-field-id=\"16\"><label class=\"wpforms-field-label\" for=\"wpforms-3043-field_16\">T\u00e9l\u00e9phone<\/label><input type=\"text\" id=\"wpforms-3043-field_16\" class=\"wpforms-field-medium\" name=\"wpforms[fields][16]\" placeholder=\"p. E. 044 XXX XX XX\" ><\/div><\/div><\/div><\/div><div id=\"wpforms-3043-field_15-container\" class=\"wpforms-field wpforms-field-textarea\" data-field-id=\"15\"><label class=\"wpforms-field-label\" for=\"wpforms-3043-field_15\">Nouvelles  <span class=\"wpforms-required-label\">*<\/span><\/label><textarea id=\"wpforms-3043-field_15\" class=\"wpforms-field-medium wpforms-field-required\" name=\"wpforms[fields][15]\" required><\/textarea><\/div><\/div><div class=\"wpforms-recaptcha-container wpforms-is-recaptcha\"><div class=\"g-recaptcha\" data-sitekey=\"6LeWLXUpAAAAADX7Bs-Bov4j4zaMG6eyv5Gy3iNo\"><\/div><input type=\"text\" name=\"g-recaptcha-hidden\" class=\"wpforms-recaptcha-hidden\" style=\"position:absolute!important;clip:rect(0,0,0,0)!important;height:1px!important;width:1px!important;border:0!important;overflow:hidden!important;padding:0!important;margin:0!important;\" required><\/div><div class=\"wpforms-submit-container\"><input type=\"hidden\" name=\"wpforms[id]\" value=\"3043\"><input type=\"hidden\" name=\"wpforms[author]\" value=\"1\"><button type=\"submit\" name=\"wpforms[submit]\" id=\"wpforms-submit-3043\" class=\"wpforms-submit\" data-alt-text=\"Envoyer...\" data-submit-text=\"ENVOYER\" aria-live=\"assertive\" value=\"wpforms-submit\">ENVOYER<\/button><img loading=\"lazy\" decoding=\"async\" src=\"https:\/\/swissinox.ch\/wp-content\/plugins\/wpforms\/assets\/images\/submit-spin.svg\" class=\"wpforms-submit-spinner\" style=\"display: none;\" width=\"26\" height=\"26\" alt=\"Chargement en cours\"><\/div><\/form><\/div>  <!-- .wpforms-container --><\/p>\n","protected":false},"author":1,"featured_media":1127,"parent":0,"menu_order":0,"comment_status":"closed","ping_status":"closed","template":"","meta":{"_acf_changed":false,"_et_pb_use_builder":"on","_et_pb_old_content":"","_et_gb_content_width":"","footnotes":""},"class_list":["post-2084","page","type-page","status-publish","has-post-thumbnail","hentry"],"acf":[],"_links":{"self":[{"href":"https:\/\/swissinox.ch\/fr\/wp-json\/wp\/v2\/pages\/2084","targetHints":{"allow":["GET"]}}],"collection":[{"href":"https:\/\/swissinox.ch\/fr\/wp-json\/wp\/v2\/pages"}],"about":[{"href":"https:\/\/swissinox.ch\/fr\/wp-json\/wp\/v2\/types\/page"}],"author":[{"embeddable":true,"href":"https:\/\/swissinox.ch\/fr\/wp-json\/wp\/v2\/users\/1"}],"replies":[{"embeddable":true,"href":"https:\/\/swissinox.ch\/fr\/wp-json\/wp\/v2\/comments?post=2084"}],"version-history":[{"count":8,"href":"https:\/\/swissinox.ch\/fr\/wp-json\/wp\/v2\/pages\/2084\/revisions"}],"predecessor-version":[{"id":3050,"href":"https:\/\/swissinox.ch\/fr\/wp-json\/wp\/v2\/pages\/2084\/revisions\/3050"}],"wp:featuredmedia":[{"embeddable":true,"href":"https:\/\/swissinox.ch\/fr\/wp-json\/wp\/v2\/media\/1127"}],"wp:attachment":[{"href":"https:\/\/swissinox.ch\/fr\/wp-json\/wp\/v2\/media?parent=2084"}],"curies":[{"name":"wp","href":"https:\/\/api.w.org\/{rel}","templated":true}]}}