{"id":2011,"date":"2023-05-29T11:17:14","date_gmt":"2023-05-29T11:17:14","guid":{"rendered":"http:\/\/dev.swissinox.ch\/mentions-legales\/"},"modified":"2024-02-13T08:46:16","modified_gmt":"2024-02-13T08:46:16","slug":"mentions-legales","status":"publish","type":"page","link":"https:\/\/swissinox.ch\/fr\/mentions-legales\/","title":{"rendered":"Mentions l\u00e9gales"},"content":{"rendered":"&#13;\n<h2 class=\"wp-block-heading\"><strong>Contact<\/strong><\/h2>&#13;\n&#13;\n<p>SWISS INOX<br\/>Bo\u00eete postale<br\/>CH-8810 Horgen<\/p>&#13;\n&#13;\n<p>T\u00e9l : +41 44 725 14 91<\/p>&#13;\n<p><a href=\"mailto:info@swissinox.ch\">info@swissinox.ch<\/a><\/p>&#13;\n<p>\u00a0<\/p>&#13;\n<h2><strong>Vertretungsberechtigte Person<\/strong><\/h2>&#13;\n<p>Dr. Ren\u00e9 M\u00e4chler, pr\u00e9sident<\/p>&#13;\n<p>\u00a0<\/p>&#13;\n&#13;\n<h2 class=\"wp-block-heading\"><strong>Inscription au registre du commerce<\/strong><\/h2>&#13;\n<p>&#8211;<\/p>&#13;\n<p>\u00a0<\/p>&#13;\n<h2><strong>Num\u00e9ro de TVA\/num\u00e9ro d&rsquo;identification des entreprises (IDE)<\/strong> <\/h2>&#13;\n<p>&#8211;<\/p>&#13;\n<p>\u00a0<\/p>&#13;\n<h2><strong>Droit d&rsquo;auteur<\/strong><\/h2>&#13;\n<p>Die Inhalte dieser Website, einschliesslich Texten, Bildern und Grafiken, sind urheberrechtlich gesch\u00fctzt und geh\u00f6ren SWISS INOX.<\/p>&#13;\n<p>\u00a0<\/p>&#13;\n<h2><strong>Clause de responsabilit\u00e9<\/strong><\/h2>&#13;\n<p>Die Informationen auf dieser Website dienen nur zu allgemeinen Informationszwecken. SWISS INOX \u00fcbernimmt keine Haftung f\u00fcr die Richtigkeit, die Vollst\u00e4ndigkeit oder die Aktualit\u00e4t der bereitgestellten Informationen. Jegliche Handlungen, die Sie aufgrund der Informationen auf dieser Website unternehmen, geschehen auf Ihr eigenes Risiko.<\/p>&#13;\n<p>\u00a0<\/p>&#13;\n<h2><strong>Sites web de tiers<\/strong><\/h2>&#13;\n<p>Diese Website enth\u00e4lt m\u00f6glicherweise Links zu Websites Dritter. SWISS INOX \u00fcbernimmt keine Verantwortung f\u00fcr die Inhalte oder die Datenschutzpraktiken von Websites Dritter. Das Vorhandensein eines Links zu einer Website Dritter bedeutet nicht zwangsl\u00e4ufig, dass SWISS INOX die Inhalte dieser Website bef\u00fcrwortet oder billigt.<\/p>&#13;\n<h2>\u00a0<\/h2>&#13;\n<h2><strong>Suivi de Google Analytics<\/strong><\/h2>&#13;\n<p>Diese Website verwendet Google Analytics, einen Webanalysedienst von Google Inc. (\u201eGoogle\u201c). Google Analytics verwendet \u201eCookies\u201c, um die Nutzung der Website zu analysieren. Die durch den Cookie erzeugten Informationen \u00fcber Ihre Nutzung dieser Website werden in der Regel an einen Server von Google in den USA \u00fcbertragen und dort gespeichert. SWISS INOX hat Google Analytics so konfiguriert, dass die IP-Adressen der Besucher anonymisiert werden. Google wird diese Informationen im Auftrag von SWISS INOX verwenden, um die Nutzung der Website auszuwerten, Berichte \u00fcber die Website-Aktivit\u00e4ten zusammenzustellen und weitere mit der Website-Nutzung und der Internetnutzung verbundene Dienstleistungen zu erbringen.<\/p>&#13;\n&#13;\n<p>\u00a0<\/p>&#13;\n","protected":false},"excerpt":{"rendered":"<p>&#13; Contact &#13; &#13; SWISS INOXBo\u00eete postaleCH-8810 Horgen &#13; &#13; T\u00e9l : +41 44 725 14 91 &#13; info@swissinox.ch &#13; \u00a0 &#13; Vertretungsberechtigte Person &#13; Dr. Ren\u00e9 M\u00e4chler, pr\u00e9sident &#13; \u00a0 &#13; &#13; Inscription au registre du commerce &#13; &#8211; &#13; \u00a0 &#13; Num\u00e9ro de TVA\/num\u00e9ro d&rsquo;identification des entreprises (IDE) &#13; &#8211; &#13; \u00a0 &#13; [&hellip;]<\/p>\n","protected":false},"author":1,"featured_media":1127,"parent":0,"menu_order":0,"comment_status":"closed","ping_status":"closed","template":"","meta":{"_acf_changed":false,"_et_pb_use_builder":"off","_et_pb_old_content":"","_et_gb_content_width":"","footnotes":""},"class_list":["post-2011","page","type-page","status-publish","has-post-thumbnail","hentry"],"acf":[],"_links":{"self":[{"href":"https:\/\/swissinox.ch\/fr\/wp-json\/wp\/v2\/pages\/2011","targetHints":{"allow":["GET"]}}],"collection":[{"href":"https:\/\/swissinox.ch\/fr\/wp-json\/wp\/v2\/pages"}],"about":[{"href":"https:\/\/swissinox.ch\/fr\/wp-json\/wp\/v2\/types\/page"}],"author":[{"embeddable":true,"href":"https:\/\/swissinox.ch\/fr\/wp-json\/wp\/v2\/users\/1"}],"replies":[{"embeddable":true,"href":"https:\/\/swissinox.ch\/fr\/wp-json\/wp\/v2\/comments?post=2011"}],"version-history":[{"count":9,"href":"https:\/\/swissinox.ch\/fr\/wp-json\/wp\/v2\/pages\/2011\/revisions"}],"predecessor-version":[{"id":4162,"href":"https:\/\/swissinox.ch\/fr\/wp-json\/wp\/v2\/pages\/2011\/revisions\/4162"}],"wp:featuredmedia":[{"embeddable":true,"href":"https:\/\/swissinox.ch\/fr\/wp-json\/wp\/v2\/media\/1127"}],"wp:attachment":[{"href":"https:\/\/swissinox.ch\/fr\/wp-json\/wp\/v2\/media?parent=2011"}],"curies":[{"name":"wp","href":"https:\/\/api.w.org\/{rel}","templated":true}]}}